{"id":19067,"date":"2023-01-24T18:09:27","date_gmt":"2023-01-24T18:09:27","guid":{"rendered":"https:\/\/dislevent.com.tr\/?page_id=19067"},"modified":"2023-05-05T09:18:26","modified_gmt":"2023-05-05T09:18:26","slug":"service-plus","status":"publish","type":"page","link":"https:\/\/dislevent.com.tr\/fr\/service-plus\/","title":{"rendered":"Heures d'ouverture"},"content":{"rendered":"<div data-elementor-type=\"wp-page\" data-elementor-id=\"19067\" class=\"elementor elementor-19067\">\n\t\t\t\t\t\t<section class=\"elementor-section elementor-top-section elementor-element elementor-element-c772a6b elementor-section-boxed elementor-section-height-default elementor-section-height-default sc_fly_static\" data-id=\"c772a6b\" data-element_type=\"section\">\n\t\t\t\t\t\t<div class=\"elementor-container elementor-column-gap-extended\">\n\t\t\t\t\t<div class=\"elementor-column elementor-col-100 elementor-top-column elementor-element elementor-element-640adbef sc_inner_width_none sc_content_align_inherit sc_layouts_column_icons_position_left sc_fly_static\" data-id=\"640adbef\" data-element_type=\"column\">\n\t\t\t<div class=\"elementor-widget-wrap elementor-element-populated\">\n\t\t\t\t\t\t<div class=\"elementor-element elementor-element-b194b7d sc_fly_static elementor-widget elementor-widget-trx_sc_title\" data-id=\"b194b7d\" data-element_type=\"widget\" data-widget_type=\"trx_sc_title.default\">\n\t\t\t\t<div class=\"elementor-widget-container\">\n\t\t\t<div\t\tclass=\"sc_title sc_title_default\" ><h2 class=\"sc_item_title sc_title_title sc_align_center sc_item_title_style_default\"\n\t\t\t><span class=\"sc_item_title_text\">4. Levent<\/span><\/h2><\/div>\t\t<\/div>\n\t\t\t\t<\/div>\n\t\t\t\t\t<\/div>\n\t\t<\/div>\n\t\t\t\t\t<\/div>\n\t\t<\/section>\n\t\t\t\t<section class=\"elementor-section elementor-top-section elementor-element elementor-element-2e58d6ef elementor-section-boxed elementor-section-height-default elementor-section-height-default sc_fly_static\" data-id=\"2e58d6ef\" data-element_type=\"section\">\n\t\t\t\t\t\t<div class=\"elementor-container elementor-column-gap-extended\">\n\t\t\t\t\t<div class=\"elementor-column elementor-col-100 elementor-top-column elementor-element elementor-element-477fcda6 sc_inner_width_none sc_content_align_inherit sc_layouts_column_icons_position_left sc_fly_static\" data-id=\"477fcda6\" data-element_type=\"column\">\n\t\t\t<div class=\"elementor-widget-wrap elementor-element-populated\">\n\t\t\t\t\t\t<div class=\"elementor-element elementor-element-4a9ff371 sc_fly_static elementor-widget elementor-widget-trx_sc_price\" data-id=\"4a9ff371\" data-element_type=\"widget\" data-widget_type=\"trx_sc_price.default\">\n\t\t\t\t<div class=\"elementor-widget-container\">\n\t\t\t<div  \r\n\tclass=\"sc_price sc_price_metro\"><div class=\"sc_price_columns_wrap sc_item_columns trx_addons_columns_wrap columns_padding_bottom columns_in_single_row\"><div class=\"trx_addons_column-1_3\"><div class=\"sc_price_item sc_price_item_metro\">\r\n\t\t\t<div class=\"sc_price_item_inner\"><div class=\"sc_price_item_info_top\"><h3 class=\"sc_price_item_title\"><span>Lundi-Vendredi<\/span><\/h3><\/div><div class=\"sc_price_item_icon sc_price_item_icon_type_ icon-clock-empty\"\r\n\t\t\t\t\t\t\t\t\t\t\t\t><span class=\"sc_icon_type_ icon-clock-empty\"\r\n\t\t\t\t\t\t\t\t\t\t\t\t\t\t\t><\/span><\/div><div class=\"sc_price_item_info\"><div class=\"sc_price_item_description\"><span>09:00-21:00<\/span><\/div><\/div><!-- \/.sc_price_item_info --><\/div><!-- \/.sc_price_item_inner --><\/div><\/div><div class=\"trx_addons_column-1_3\"><div class=\"sc_price_item sc_price_item_metro\">\r\n\t\t\t<div class=\"sc_price_item_inner\"><div class=\"sc_price_item_info_top\"><h3 class=\"sc_price_item_title\"><span>Samedi<\/span><\/h3><\/div><div class=\"sc_price_item_icon sc_price_item_icon_type_ icon-clock-empty\"\r\n\t\t\t\t\t\t\t\t\t\t\t\t><span class=\"sc_icon_type_ icon-clock-empty\"\r\n\t\t\t\t\t\t\t\t\t\t\t\t\t\t\t><\/span><\/div><div class=\"sc_price_item_info\"><div class=\"sc_price_item_description\"><span>09:00-20:00<\/span><\/div><\/div><!-- \/.sc_price_item_info --><\/div><!-- \/.sc_price_item_inner --><a href=\"https:\/\/themerex.net\/downloads\/theme-installation\/?utm_source=demosplus&#038;utm_medium=demosplus&#038;utm_campaign=demosplus\" class=\"sc_price_item_link sc_price_item_link_over\"><\/a><\/div><\/div><div class=\"trx_addons_column-1_3\"><div class=\"sc_price_item sc_price_item_metro\">\r\n\t\t\t<div class=\"sc_price_item_inner\"><div class=\"sc_price_item_info_top\"><h3 class=\"sc_price_item_title\"><span>Dimanche<\/span><\/h3><\/div><div class=\"sc_price_item_icon sc_price_item_icon_type_ icon-clock-empty\"\r\n\t\t\t\t\t\t\t\t\t\t\t\t><span class=\"sc_icon_type_ icon-clock-empty\"\r\n\t\t\t\t\t\t\t\t\t\t\t\t\t\t\t><\/span><\/div><div class=\"sc_price_item_info\"><div class=\"sc_price_item_description\"><span>11:00-19:00<\/span><\/div><\/div><!-- \/.sc_price_item_info --><\/div><!-- \/.sc_price_item_inner --><a href=\"https:\/\/themerex.net\/downloads\/theme-installation\/?utm_source=demosplus&#038;utm_medium=demosplus&#038;utm_campaign=demosplus\" class=\"sc_price_item_link sc_price_item_link_over\"><\/a><\/div><\/div><\/div><\/div><!-- \/.sc_price -->\t\t<\/div>\n\t\t\t\t<\/div>\n\t\t\t\t<div class=\"elementor-element elementor-element-e13f93c sc_fly_static elementor-widget elementor-widget-trx_sc_title\" data-id=\"e13f93c\" data-element_type=\"widget\" data-widget_type=\"trx_sc_title.default\">\n\t\t\t\t<div class=\"elementor-widget-container\">\n\t\t\t<div\t\tclass=\"sc_title sc_title_default\" ><h2 class=\"sc_item_title sc_title_title sc_align_center sc_item_title_style_default\"\n\t\t\t><span class=\"sc_item_title_text\">Bahcelievler<\/span><\/h2><\/div>\t\t<\/div>\n\t\t\t\t<\/div>\n\t\t\t\t\t<\/div>\n\t\t<\/div>\n\t\t\t\t\t<\/div>\n\t\t<\/section>\n\t\t\t\t<section class=\"elementor-section elementor-top-section elementor-element elementor-element-4ad8921 elementor-section-boxed elementor-section-height-default elementor-section-height-default sc_fly_static\" data-id=\"4ad8921\" data-element_type=\"section\">\n\t\t\t\t\t\t<div class=\"elementor-container elementor-column-gap-extended\">\n\t\t\t\t\t<div class=\"elementor-column elementor-col-100 elementor-top-column elementor-element elementor-element-94860bb sc_inner_width_none sc_content_align_inherit sc_layouts_column_icons_position_left sc_fly_static\" data-id=\"94860bb\" data-element_type=\"column\">\n\t\t\t<div class=\"elementor-widget-wrap elementor-element-populated\">\n\t\t\t\t\t\t<div class=\"elementor-element elementor-element-2050abf sc_fly_static elementor-widget elementor-widget-trx_sc_price\" data-id=\"2050abf\" data-element_type=\"widget\" data-widget_type=\"trx_sc_price.default\">\n\t\t\t\t<div class=\"elementor-widget-container\">\n\t\t\t<div  \r\n\tclass=\"sc_price sc_price_metro\"><div class=\"sc_price_columns_wrap sc_item_columns trx_addons_columns_wrap columns_padding_bottom columns_in_single_row\"><div class=\"trx_addons_column-1_3\"><div class=\"sc_price_item sc_price_item_metro\">\r\n\t\t\t<div class=\"sc_price_item_inner\"><div class=\"sc_price_item_info_top\"><h3 class=\"sc_price_item_title\"><span>Lundi-Vendredi<\/span><\/h3><\/div><div class=\"sc_price_item_icon sc_price_item_icon_type_ icon-clock-empty\"\r\n\t\t\t\t\t\t\t\t\t\t\t\t><span class=\"sc_icon_type_ icon-clock-empty\"\r\n\t\t\t\t\t\t\t\t\t\t\t\t\t\t\t><\/span><\/div><div class=\"sc_price_item_info\"><div class=\"sc_price_item_description\"><span>09:00-22:00<\/span><\/div><\/div><!-- \/.sc_price_item_info --><\/div><!-- \/.sc_price_item_inner --><\/div><\/div><div class=\"trx_addons_column-1_3\"><div class=\"sc_price_item sc_price_item_metro\">\r\n\t\t\t<div class=\"sc_price_item_inner\"><div class=\"sc_price_item_info_top\"><h3 class=\"sc_price_item_title\"><span>Samedi<\/span><\/h3><\/div><div class=\"sc_price_item_icon sc_price_item_icon_type_ icon-clock-empty\"\r\n\t\t\t\t\t\t\t\t\t\t\t\t><span class=\"sc_icon_type_ icon-clock-empty\"\r\n\t\t\t\t\t\t\t\t\t\t\t\t\t\t\t><\/span><\/div><div class=\"sc_price_item_info\"><div class=\"sc_price_item_description\"><span>09:00-19:00<\/span><\/div><\/div><!-- \/.sc_price_item_info --><\/div><!-- \/.sc_price_item_inner --><a href=\"https:\/\/themerex.net\/downloads\/theme-installation\/?utm_source=demosplus&#038;utm_medium=demosplus&#038;utm_campaign=demosplus\" class=\"sc_price_item_link sc_price_item_link_over\"><\/a><\/div><\/div><div class=\"trx_addons_column-1_3\"><div class=\"sc_price_item sc_price_item_metro\">\r\n\t\t\t<div class=\"sc_price_item_inner\"><div class=\"sc_price_item_info_top\"><h3 class=\"sc_price_item_title\"><span>Dimanche<\/span><\/h3><\/div><div class=\"sc_price_item_icon sc_price_item_icon_type_ icon-clock-empty\"\r\n\t\t\t\t\t\t\t\t\t\t\t\t><span class=\"sc_icon_type_ icon-clock-empty\"\r\n\t\t\t\t\t\t\t\t\t\t\t\t\t\t\t><\/span><\/div><div class=\"sc_price_item_info\"><div class=\"sc_price_item_description\"><span>Kapal\u0131<\/span><\/div><\/div><!-- \/.sc_price_item_info --><\/div><!-- \/.sc_price_item_inner --><a href=\"https:\/\/themerex.net\/downloads\/theme-installation\/?utm_source=demosplus&#038;utm_medium=demosplus&#038;utm_campaign=demosplus\" class=\"sc_price_item_link sc_price_item_link_over\"><\/a><\/div><\/div><\/div><\/div><!-- \/.sc_price -->\t\t<\/div>\n\t\t\t\t<\/div>\n\t\t\t\t\t<\/div>\n\t\t<\/div>\n\t\t\t\t\t<\/div>\n\t\t<\/section>\n\t\t\t\t<\/div>","protected":false},"excerpt":{"rendered":"<p>4. Levent \u015eube Pazartesi &#8211; Cuma 09:00-21:00 Cumartesi 09:00-20:00 Pazar 11:00-19:00 Bah\u00e7elievler \u015eube Pazartesi &#8211; Cuma 09:00-22:00 Cumartesi 09:00-19:00 Pazar Kapal\u0131<\/p>","protected":false},"author":1,"featured_media":0,"parent":0,"menu_order":0,"comment_status":"closed","ping_status":"closed","template":"","meta":{"inline_featured_image":false,"footnotes":""},"class_list":["post-19067","page","type-page","status-publish","hentry"],"_links":{"self":[{"href":"https:\/\/dislevent.com.tr\/fr\/wp-json\/wp\/v2\/pages\/19067","targetHints":{"allow":["GET"]}}],"collection":[{"href":"https:\/\/dislevent.com.tr\/fr\/wp-json\/wp\/v2\/pages"}],"about":[{"href":"https:\/\/dislevent.com.tr\/fr\/wp-json\/wp\/v2\/types\/page"}],"author":[{"embeddable":true,"href":"https:\/\/dislevent.com.tr\/fr\/wp-json\/wp\/v2\/users\/1"}],"replies":[{"embeddable":true,"href":"https:\/\/dislevent.com.tr\/fr\/wp-json\/wp\/v2\/comments?post=19067"}],"version-history":[{"count":15,"href":"https:\/\/dislevent.com.tr\/fr\/wp-json\/wp\/v2\/pages\/19067\/revisions"}],"predecessor-version":[{"id":22584,"href":"https:\/\/dislevent.com.tr\/fr\/wp-json\/wp\/v2\/pages\/19067\/revisions\/22584"}],"wp:attachment":[{"href":"https:\/\/dislevent.com.tr\/fr\/wp-json\/wp\/v2\/media?parent=19067"}],"curies":[{"name":"wp","href":"https:\/\/api.w.org\/{rel}","templated":true}]}}