{"id":19177,"date":"2023-01-24T22:58:55","date_gmt":"2023-01-24T22:58:55","guid":{"rendered":"https:\/\/dislevent.com.tr\/?page_id=19177"},"modified":"2023-05-13T18:50:34","modified_gmt":"2023-05-13T21:50:34","slug":"sik-sorulan-sorular","status":"publish","type":"page","link":"https:\/\/dislevent.com.tr\/en\/faq\/","title":{"rendered":"F.A.Q"},"content":{"rendered":"<div data-elementor-type=\"wp-page\" data-elementor-id=\"19177\" class=\"elementor elementor-19177\">\n\t\t\t\t\t\t<section class=\"elementor-section elementor-top-section elementor-element elementor-element-35289c1e elementor-section-boxed elementor-section-height-default elementor-section-height-default sc_fly_static\" data-id=\"35289c1e\" data-element_type=\"section\">\n\t\t\t\t\t\t<div class=\"elementor-container elementor-column-gap-extended\">\n\t\t\t\t\t<div class=\"elementor-column elementor-col-100 elementor-top-column elementor-element elementor-element-6d152400 sc_inner_width_none sc_content_align_inherit sc_layouts_column_icons_position_left sc_fly_static\" data-id=\"6d152400\" data-element_type=\"column\">\n\t\t\t<div class=\"elementor-widget-wrap elementor-element-populated\">\n\t\t\t\t\t\t<div class=\"elementor-element elementor-element-a0d94c7 sc_fly_static elementor-widget elementor-widget-spacer\" data-id=\"a0d94c7\" data-element_type=\"widget\" data-widget_type=\"spacer.default\">\n\t\t\t\t<div class=\"elementor-widget-container\">\n\t\t\t\t\t<div class=\"elementor-spacer\">\n\t\t\t<div class=\"elementor-spacer-inner\"><\/div>\n\t\t<\/div>\n\t\t\t\t<\/div>\n\t\t\t\t<\/div>\n\t\t\t\t\t<\/div>\n\t\t<\/div>\n\t\t\t\t\t<\/div>\n\t\t<\/section>\n\t\t\t\t<section class=\"elementor-section elementor-top-section elementor-element elementor-element-1ad8dd34 elementor-section-boxed elementor-section-height-default elementor-section-height-default sc_fly_static\" data-id=\"1ad8dd34\" data-element_type=\"section\">\n\t\t\t\t\t\t<div class=\"elementor-container elementor-column-gap-extended\">\n\t\t\t\t\t<div class=\"elementor-column elementor-col-25 elementor-top-column elementor-element elementor-element-2e2da2eb sc_inner_width_none sc_content_align_inherit sc_layouts_column_icons_position_left sc_fly_static\" data-id=\"2e2da2eb\" data-element_type=\"column\">\n\t\t\t<div class=\"elementor-widget-wrap\">\n\t\t\t\t\t\t\t<\/div>\n\t\t<\/div>\n\t\t\t\t<div class=\"elementor-column elementor-col-50 elementor-top-column elementor-element elementor-element-339d5ab5 sc_inner_width_none sc_content_align_inherit sc_layouts_column_icons_position_left sc_fly_static\" data-id=\"339d5ab5\" data-element_type=\"column\">\n\t\t\t<div class=\"elementor-widget-wrap elementor-element-populated\">\n\t\t\t\t\t\t<div class=\"elementor-element elementor-element-3b4d43da sc_fly_static elementor-widget elementor-widget-toggle\" data-id=\"3b4d43da\" data-element_type=\"widget\" data-widget_type=\"toggle.default\">\n\t\t\t\t<div class=\"elementor-widget-container\">\n\t\t\t\t\t<div class=\"elementor-toggle\">\n\t\t\t\t\t\t\t<div class=\"elementor-toggle-item\">\n\t\t\t\t\t<h4 id=\"elementor-tab-title-9941\" class=\"elementor-tab-title\" data-tab=\"1\" role=\"button\" aria-controls=\"elementor-tab-content-9941\" aria-expanded=\"false\">\n\t\t\t\t\t\t\t\t\t\t\t\t<span class=\"elementor-toggle-icon elementor-toggle-icon-right\" aria-hidden=\"true\">\n\t\t\t\t\t\t\t\t\t\t\t\t\t\t\t<span class=\"elementor-toggle-icon-closed\"><i class=\"fas fa-plus\"><\/i><\/span>\n\t\t\t\t\t\t\t\t<span class=\"elementor-toggle-icon-opened\"><i class=\"elementor-toggle-icon-opened fas fa-minus\"><\/i><\/span>\n\t\t\t\t\t\t\t\t\t\t\t\t\t<\/span>\n\t\t\t\t\t\t\t\t\t\t\t\t<a class=\"elementor-toggle-title\" tabindex=\"0\">What is an implant? Can everyone have it done?<\/a>\n\t\t\t\t\t<\/h4>\n\n\t\t\t\t\t<div id=\"elementor-tab-content-9941\" class=\"elementor-tab-content elementor-clearfix\" data-tab=\"1\" role=\"region\" aria-labelledby=\"elementor-tab-title-9941\"><p>An implant is a suitable dental treatment method for individuals who have missing teeth. An implant is an artificial tooth root made of titanium that is inserted into the jawbone to provide support. A prosthetic tooth is then placed onto the implant, which fills the space of the missing tooth both functionally and aesthetically.<\/p><p>\u00a0<\/p><p>However, not everyone may be suitable for implant surgery. The suitability of implant surgery may depend on a person's overall health condition, gum and jawbone structure, and smoking habits, for example. For instance, individuals with inadequate bone density or severe gum disease may not be suitable for implant treatment. Also, implant surgery is not recommended for adolescents whose bone development is not yet complete.<\/p><p>\u00a0<\/p><p>Therefore, the suitability of implant surgery needs to be evaluated on a case-by-case basis. A dental professional or implant specialist will examine and develop a treatment plan tailored to your needs to determine the most appropriate treatment option for you.<\/p><\/div>\n\t\t\t\t<\/div>\n\t\t\t\t\t\t\t<div class=\"elementor-toggle-item\">\n\t\t\t\t\t<h4 id=\"elementor-tab-title-9942\" class=\"elementor-tab-title\" data-tab=\"2\" role=\"button\" aria-controls=\"elementor-tab-content-9942\" aria-expanded=\"false\">\n\t\t\t\t\t\t\t\t\t\t\t\t<span class=\"elementor-toggle-icon elementor-toggle-icon-right\" aria-hidden=\"true\">\n\t\t\t\t\t\t\t\t\t\t\t\t\t\t\t<span class=\"elementor-toggle-icon-closed\"><i class=\"fas fa-plus\"><\/i><\/span>\n\t\t\t\t\t\t\t\t<span class=\"elementor-toggle-icon-opened\"><i class=\"elementor-toggle-icon-opened fas fa-minus\"><\/i><\/span>\n\t\t\t\t\t\t\t\t\t\t\t\t\t<\/span>\n\t\t\t\t\t\t\t\t\t\t\t\t<a class=\"elementor-toggle-title\" tabindex=\"0\">What are the differences between zirconium coating and laminate teeth?<\/a>\n\t\t\t\t\t<\/h4>\n\n\t\t\t\t\t<div id=\"elementor-tab-content-9942\" class=\"elementor-tab-content elementor-clearfix\" data-tab=\"2\" role=\"region\" aria-labelledby=\"elementor-tab-title-9942\"><p>Zirconium coating and laminate teeth are common treatment methods in the field of dental aesthetics. Both are used to correct or improve the color, shape, and size of teeth. However, they have several different features.<\/p><p>\u00a0<\/p><p>Zirconium coating is applied to the front and side surfaces of teeth, while laminate teeth are only applied to the front surface of teeth. Zirconium coating uses a thicker material, while laminate teeth use a very thin layer of porcelain. Both treatment methods are suitable options for dental aesthetics, but which method is most appropriate depends on the individual's situation and needs.<\/p><\/div>\n\t\t\t\t<\/div>\n\t\t\t\t\t\t\t<div class=\"elementor-toggle-item\">\n\t\t\t\t\t<h4 id=\"elementor-tab-title-9943\" class=\"elementor-tab-title\" data-tab=\"3\" role=\"button\" aria-controls=\"elementor-tab-content-9943\" aria-expanded=\"false\">\n\t\t\t\t\t\t\t\t\t\t\t\t<span class=\"elementor-toggle-icon elementor-toggle-icon-right\" aria-hidden=\"true\">\n\t\t\t\t\t\t\t\t\t\t\t\t\t\t\t<span class=\"elementor-toggle-icon-closed\"><i class=\"fas fa-plus\"><\/i><\/span>\n\t\t\t\t\t\t\t\t<span class=\"elementor-toggle-icon-opened\"><i class=\"elementor-toggle-icon-opened fas fa-minus\"><\/i><\/span>\n\t\t\t\t\t\t\t\t\t\t\t\t\t<\/span>\n\t\t\t\t\t\t\t\t\t\t\t\t<a class=\"elementor-toggle-title\" tabindex=\"0\">When should I get a root canal treatment for my tooth?<\/a>\n\t\t\t\t\t<\/h4>\n\n\t\t\t\t\t<div id=\"elementor-tab-content-9943\" class=\"elementor-tab-content elementor-clearfix\" data-tab=\"3\" role=\"region\" aria-labelledby=\"elementor-tab-title-9943\"><p>The symptoms may include:<\/p><p>\u00a0<\/p><p>Toothache: If your tooth hurts and the pain continues constantly or intermittently, you may need a root canal treatment.<\/p><p>Tooth sensitivity: If hot, cold, or sweet foods and drinks cause sensitivity in your tooth, you may need a root canal treatment.<\/p><p>Gum swelling: If there is swelling or redness around your tooth and this condition persists for a long time, you may need a root canal treatment.<\/p><p>Change in tooth color: If your tooth has become yellowish or dark in color, you may need a root canal treatment.<\/p><p>Tooth decay: If you have cavities in your tooth and the cavities have reached the nerve of the tooth, you may need a root canal treatment.<\/p><\/div>\n\t\t\t\t<\/div>\n\t\t\t\t\t\t\t<div class=\"elementor-toggle-item\">\n\t\t\t\t\t<h4 id=\"elementor-tab-title-9944\" class=\"elementor-tab-title\" data-tab=\"4\" role=\"button\" aria-controls=\"elementor-tab-content-9944\" aria-expanded=\"false\">\n\t\t\t\t\t\t\t\t\t\t\t\t<span class=\"elementor-toggle-icon elementor-toggle-icon-right\" aria-hidden=\"true\">\n\t\t\t\t\t\t\t\t\t\t\t\t\t\t\t<span class=\"elementor-toggle-icon-closed\"><i class=\"fas fa-plus\"><\/i><\/span>\n\t\t\t\t\t\t\t\t<span class=\"elementor-toggle-icon-opened\"><i class=\"elementor-toggle-icon-opened fas fa-minus\"><\/i><\/span>\n\t\t\t\t\t\t\t\t\t\t\t\t\t<\/span>\n\t\t\t\t\t\t\t\t\t\t\t\t<a class=\"elementor-toggle-title\" tabindex=\"0\">What is orthodontic treatment with Invisalign?<\/a>\n\t\t\t\t\t<\/h4>\n\n\t\t\t\t\t<div id=\"elementor-tab-content-9944\" class=\"elementor-tab-content elementor-clearfix\" data-tab=\"4\" role=\"region\" aria-labelledby=\"elementor-tab-title-9944\"><p>Orthodontic treatment with clear aligners is a method used to slightly straighten teeth. In this method, specially made clear aligners are placed over the teeth and changed at regular intervals. Each aligner is designed slightly differently from the previous one to help straighten the teeth a little more.<\/p><p>\u00a0<\/p><p>Clear aligners are a more comfortable and aesthetic option compared to traditional metal wire braces. Additionally, aligners can be removed at any time, making it easier to brush teeth and eat. However, treatment with clear aligners may not be suitable for more serious dental problems, and the treatment process may be slightly longer. Some people may also experience slight discomfort when the aligners are being fitted.<\/p><\/div>\n\t\t\t\t<\/div>\n\t\t\t\t\t\t\t<div class=\"elementor-toggle-item\">\n\t\t\t\t\t<h4 id=\"elementor-tab-title-9945\" class=\"elementor-tab-title\" data-tab=\"5\" role=\"button\" aria-controls=\"elementor-tab-content-9945\" aria-expanded=\"false\">\n\t\t\t\t\t\t\t\t\t\t\t\t<span class=\"elementor-toggle-icon elementor-toggle-icon-right\" aria-hidden=\"true\">\n\t\t\t\t\t\t\t\t\t\t\t\t\t\t\t<span class=\"elementor-toggle-icon-closed\"><i class=\"fas fa-plus\"><\/i><\/span>\n\t\t\t\t\t\t\t\t<span class=\"elementor-toggle-icon-opened\"><i class=\"elementor-toggle-icon-opened fas fa-minus\"><\/i><\/span>\n\t\t\t\t\t\t\t\t\t\t\t\t\t<\/span>\n\t\t\t\t\t\t\t\t\t\t\t\t<a class=\"elementor-toggle-title\" tabindex=\"0\">In which cases and when should wisdom teeth be extracted?<\/a>\n\t\t\t\t\t<\/h4>\n\n\t\t\t\t\t<div id=\"elementor-tab-content-9945\" class=\"elementor-tab-content elementor-clearfix\" data-tab=\"5\" role=\"region\" aria-labelledby=\"elementor-tab-title-9945\">Wisdom teeth can be extracted at different times and in different situations depending on the suitability of the jaw structure and other teeth.\nIf they are causing overcrowding by pushing other teeth: In situations where the jaw structure is limited, wisdom teeth can cause overcrowding by pushing other teeth. In this case, wisdom teeth should be extracted because they prevent other teeth from settling properly by pushing them.\nIf they are causing gum problems: Wisdom teeth can cause infections and pain under the gums when they erupt. In this case, wisdom teeth should be extracted when gum problems occur.\nIf there is a high risk of decay: Wisdom teeth have a higher risk of decay than other teeth because they pose difficulties in oral hygiene. Therefore, wisdom teeth with a higher risk of decay than other teeth should be extracted before affecting other teeth.\nWhen orthodontic treatment is required: In some cases, wisdom teeth need to be extracted during orthodontic treatment. This is valid for crowded teeth that hinder the movement of other teeth or prevent them from settling properly after treatment.\n<\/div>\n\t\t\t\t<\/div>\n\t\t\t\t\t\t\t<div class=\"elementor-toggle-item\">\n\t\t\t\t\t<h4 id=\"elementor-tab-title-9946\" class=\"elementor-tab-title\" data-tab=\"6\" role=\"button\" aria-controls=\"elementor-tab-content-9946\" aria-expanded=\"false\">\n\t\t\t\t\t\t\t\t\t\t\t\t<span class=\"elementor-toggle-icon elementor-toggle-icon-right\" aria-hidden=\"true\">\n\t\t\t\t\t\t\t\t\t\t\t\t\t\t\t<span class=\"elementor-toggle-icon-closed\"><i class=\"fas fa-plus\"><\/i><\/span>\n\t\t\t\t\t\t\t\t<span class=\"elementor-toggle-icon-opened\"><i class=\"elementor-toggle-icon-opened fas fa-minus\"><\/i><\/span>\n\t\t\t\t\t\t\t\t\t\t\t\t\t<\/span>\n\t\t\t\t\t\t\t\t\t\t\t\t<a class=\"elementor-toggle-title\" tabindex=\"0\">Should I get aesthetic filling or veneers?<\/a>\n\t\t\t\t\t<\/h4>\n\n\t\t\t\t\t<div id=\"elementor-tab-content-9946\" class=\"elementor-tab-content elementor-clearfix\" data-tab=\"6\" role=\"region\" aria-labelledby=\"elementor-tab-title-9946\"><p>Esthetic filling and veneer are different dental restoration methods used in different situations. The choice of which method to use depends on the condition of the tooth to be restored, the extent of damage, and the patient's preferences.<\/p><p>\u00a0<\/p><p>Esthetic fillings are used to repair minor damage to the tooth (decay, fracture, wear) and are made in colors that match the natural color of the tooth. These fillings can usually be applied in a single session and are a more economical option. However, in cases of major damage or excessive wear, a filling may not be a sufficient solution.<\/p><p>\u00a0<\/p><p>Veneers are used for larger damage to the front surface of the tooth and are usually made of porcelain. The veneer is placed after removing the top layers of the tooth, providing a more natural appearance. However, this process may require several sessions and is a more expensive option.<\/p><p>\u00a0<\/p><p>The choice of which method to use should be determined after a dental examination by your dentist.<\/p><\/div>\n\t\t\t\t<\/div>\n\t\t\t\t\t\t\t<div class=\"elementor-toggle-item\">\n\t\t\t\t\t<h4 id=\"elementor-tab-title-9947\" class=\"elementor-tab-title\" data-tab=\"7\" role=\"button\" aria-controls=\"elementor-tab-content-9947\" aria-expanded=\"false\">\n\t\t\t\t\t\t\t\t\t\t\t\t<span class=\"elementor-toggle-icon elementor-toggle-icon-right\" aria-hidden=\"true\">\n\t\t\t\t\t\t\t\t\t\t\t\t\t\t\t<span class=\"elementor-toggle-icon-closed\"><i class=\"fas fa-plus\"><\/i><\/span>\n\t\t\t\t\t\t\t\t<span class=\"elementor-toggle-icon-opened\"><i class=\"elementor-toggle-icon-opened fas fa-minus\"><\/i><\/span>\n\t\t\t\t\t\t\t\t\t\t\t\t\t<\/span>\n\t\t\t\t\t\t\t\t\t\t\t\t<a class=\"elementor-toggle-title\" tabindex=\"0\">Is teeth whitening a long-term process? Is it harmful?<\/a>\n\t\t\t\t\t<\/h4>\n\n\t\t\t\t\t<div id=\"elementor-tab-content-9947\" class=\"elementor-tab-content elementor-clearfix\" data-tab=\"7\" role=\"region\" aria-labelledby=\"elementor-tab-title-9947\"><p>Teeth whitening is not a long-term process. It can typically be completed in a few hours or take a few weeks when applied at home. However, side effects such as sensitivity or gum problems may occur during the teeth whitening process.<\/p><p>\u00a0<\/p><p>There is a claim that teeth whitening damages tooth enamel, but this is not true. Teeth whitening does not damage tooth enamel. However, when teeth whitening is overused or incorrectly applied, it can cause temporary sensitivity and gum problems. Therefore, if you are considering teeth whitening, it should be performed by a dentist.<\/p><\/div>\n\t\t\t\t<\/div>\n\t\t\t\t\t\t\t\t<\/div>\n\t\t\t\t<\/div>\n\t\t\t\t<\/div>\n\t\t\t\t\t<\/div>\n\t\t<\/div>\n\t\t\t\t<div class=\"elementor-column elementor-col-25 elementor-top-column elementor-element elementor-element-3e426397 sc_inner_width_none sc_content_align_inherit sc_layouts_column_icons_position_left sc_fly_static\" data-id=\"3e426397\" data-element_type=\"column\">\n\t\t\t<div class=\"elementor-widget-wrap\">\n\t\t\t\t\t\t\t<\/div>\n\t\t<\/div>\n\t\t\t\t\t<\/div>\n\t\t<\/section>\n\t\t\t\t<section class=\"elementor-section elementor-top-section elementor-element elementor-element-32dc0a28 elementor-section-boxed elementor-section-height-default elementor-section-height-default sc_fly_static\" data-id=\"32dc0a28\" data-element_type=\"section\">\n\t\t\t\t\t\t<div class=\"elementor-container elementor-column-gap-extended\">\n\t\t\t\t\t<div class=\"elementor-column elementor-col-100 elementor-top-column elementor-element elementor-element-2b08ec3e sc_inner_width_none sc_content_align_inherit sc_layouts_column_icons_position_left sc_fly_static\" data-id=\"2b08ec3e\" data-element_type=\"column\">\n\t\t\t<div class=\"elementor-widget-wrap elementor-element-populated\">\n\t\t\t\t\t\t<div class=\"elementor-element elementor-element-2244d19d sc_height_huge sc_fly_static elementor-widget elementor-widget-spacer\" data-id=\"2244d19d\" data-element_type=\"widget\" data-widget_type=\"spacer.default\">\n\t\t\t\t<div class=\"elementor-widget-container\">\n\t\t\t\t\t<div class=\"elementor-spacer\">\n\t\t\t<div class=\"elementor-spacer-inner\"><\/div>\n\t\t<\/div>\n\t\t\t\t<\/div>\n\t\t\t\t<\/div>\n\t\t\t\t<div class=\"elementor-element elementor-element-8f0d8f8 sc_fly_static elementor-widget elementor-widget-spacer\" data-id=\"8f0d8f8\" data-element_type=\"widget\" data-widget_type=\"spacer.default\">\n\t\t\t\t<div class=\"elementor-widget-container\">\n\t\t\t\t\t<div class=\"elementor-spacer\">\n\t\t\t<div class=\"elementor-spacer-inner\"><\/div>\n\t\t<\/div>\n\t\t\t\t<\/div>\n\t\t\t\t<\/div>\n\t\t\t\t\t<\/div>\n\t\t<\/div>\n\t\t\t\t\t<\/div>\n\t\t<\/section>\n\t\t\t\t<section class=\"elementor-section elementor-top-section elementor-element elementor-element-4b1d35a9 elementor-section-full_width elementor-section-height-default elementor-section-height-default sc_fly_static\" data-id=\"4b1d35a9\" data-element_type=\"section\">\n\t\t\t\t\t\t<div class=\"elementor-container elementor-column-gap-no\">\n\t\t\t\t\t<div class=\"elementor-column elementor-col-100 elementor-top-column elementor-element elementor-element-591f16e7 sc_inner_width_none sc_content_align_inherit sc_layouts_column_icons_position_left sc_fly_static\" data-id=\"591f16e7\" data-element_type=\"column\">\n\t\t\t<div class=\"elementor-widget-wrap elementor-element-populated\">\n\t\t\t\t\t\t<div class=\"elementor-element elementor-element-2e1186e5 no-title sc_fly_static elementor-widget elementor-widget-image\" data-id=\"2e1186e5\" data-element_type=\"widget\" data-widget_type=\"image.default\">\n\t\t\t\t<div class=\"elementor-widget-container\">\n\t\t\t\t\t\t\t\t\t\t\t\t\t<img decoding=\"async\" src=\"https:\/\/dislevent.com.tr\/wp-content\/uploads\/elementor\/thumbs\/klinik2a-scaled-q6bihgdoxhuvlx2a0z1zbaxi0xzjt8gh7w0721rcdg.webp\" title=\"\" alt=\"\" loading=\"lazy\" \/>\t\t\t\t\t\t\t\t\t\t\t\t\t<\/div>\n\t\t\t\t<\/div>\n\t\t\t\t\t<\/div>\n\t\t<\/div>\n\t\t\t\t\t<\/div>\n\t\t<\/section>\n\t\t\t\t<\/div>","protected":false},"excerpt":{"rendered":"<p>\u0130mplant nedir? Herkese yap\u0131labilir mi? \u0130mplant, di\u015f eksikli\u011fi olan ki\u015filer i\u00e7in uygun bir di\u015f tedavi y\u00f6ntemidir. \u0130mplant, titanyumdan yap\u0131lm\u0131\u015f yapay bir di\u015f k\u00f6k\u00fcd\u00fcr ve \u00e7ene kemi\u011fine yerle\u015ftirilerek destek sa\u011flar. Daha&hellip;<\/p>","protected":false},"author":1,"featured_media":0,"parent":0,"menu_order":0,"comment_status":"closed","ping_status":"closed","template":"","meta":{"inline_featured_image":false,"footnotes":""},"class_list":["post-19177","page","type-page","status-publish","hentry"],"_links":{"self":[{"href":"https:\/\/dislevent.com.tr\/en\/wp-json\/wp\/v2\/pages\/19177","targetHints":{"allow":["GET"]}}],"collection":[{"href":"https:\/\/dislevent.com.tr\/en\/wp-json\/wp\/v2\/pages"}],"about":[{"href":"https:\/\/dislevent.com.tr\/en\/wp-json\/wp\/v2\/types\/page"}],"author":[{"embeddable":true,"href":"https:\/\/dislevent.com.tr\/en\/wp-json\/wp\/v2\/users\/1"}],"replies":[{"embeddable":true,"href":"https:\/\/dislevent.com.tr\/en\/wp-json\/wp\/v2\/comments?post=19177"}],"version-history":[{"count":12,"href":"https:\/\/dislevent.com.tr\/en\/wp-json\/wp\/v2\/pages\/19177\/revisions"}],"predecessor-version":[{"id":22757,"href":"https:\/\/dislevent.com.tr\/en\/wp-json\/wp\/v2\/pages\/19177\/revisions\/22757"}],"wp:attachment":[{"href":"https:\/\/dislevent.com.tr\/en\/wp-json\/wp\/v2\/media?parent=19177"}],"curies":[{"name":"wp","href":"https:\/\/api.w.org\/{rel}","templated":true}]}}